{"id":83,"date":"2017-07-11T18:51:07","date_gmt":"2017-07-11T18:51:07","guid":{"rendered":"https:\/\/starli.rs\/?page_id=83\/"},"modified":"2017-09-05T12:11:23","modified_gmt":"2017-09-05T12:11:23","slug":"about-us","status":"publish","type":"page","link":"https:\/\/starli.rs\/en\/about-us\/","title":{"rendered":"About us"},"content":{"rendered":"<div class=\"wpb-content-wrapper\"><p>[vc_row][vc_column][vc_column_text]<strong>The Amusement park Starli<\/strong> is is the largest and most modernly equipped spot in Novi Sad intended to activly entertain children aged from 1 to 10, which has an inner space playground for fun and game, a spacious area for the birthday celebrations and education, as well as sports field.<\/p>\n<p>In addition to the sport and recreational activities, children in <em>Starli <\/em>develop physical and motor skills and also many creative and educational programs are organized for stimulating their intellectual skills.<\/p>\n<p>Amusement park Starli covers an area of 2.500 m\u00b2, of which 1.000 m\u00b2 is a <strong>closed area<\/strong> and <strong>includes<\/strong>:<\/p>\n<ul>\n<li>three-storied labyrinth with a large slide,<\/li>\n<li>sliding swings,<\/li>\n<li>artificial climbing walls,<\/li>\n<li>pools with soft balls,<\/li>\n<li>small football tables and hockey tables,<\/li>\n<li>attractive inflatable toys,<\/li>\n<li>Art Corner &#8211; a creative corner for drawing, reading and social games,<\/li>\n<li>the ground floor area and toys suitable for toddlersAccording to the rules of the <em>movement method (Maria Montessori), <\/em>we have many other attractions which represent a response to obstacles and consequences of a modernized life in which there are less natural challenges that are absolutely essential to the life and development of children.<\/li>\n<\/ul>\n<p><strong>The indoor space <\/strong>of Amusement park Starli contains lounge for celebrations and education. During the year, in both interior and exterior section we organize numerous free workshops and events with diverse and interesting topics for children. In this way, either independently or in joint projects with other institutions, we participate in various educational, humanitarian and sports activities:<\/p>\n<ul>\n<li>Radionice roditeljstva (Parenting workshops)<\/li>\n<li>Vodni agent (Water agent)<\/li>\n<li>De\u010dije pozori\u0161te (Kids theatre)<\/li>\n<li>Novosadsko de\u010dije leto (Novi Sad \u2013 Children\u2019s Summer),<\/li>\n<li>Do\u010dek Deda Mraza (Santa Claus is coming to town)<\/li>\n<li>Zimzarije (Winter Games),<\/li>\n<li>Baby Exit<\/li>\n<li>Mamin bazar<\/li>\n<\/ul>\n<p>On 1.500 m\u00b2 of <strong>outdoor space<\/strong> there is:<\/p>\n<ul>\n<li>a summer garden,<\/li>\n<li>sports fields with quality artificial grass, size 32&#215;14 for football (small and big goals) and tennis, as well as a special court for basketball,<\/li>\n<li>children\u2019s traffic polygon for adoption of basic traffic rules,<\/li>\n<li>large parking for cars, mini buses and tourist buses.<\/li>\n<\/ul>\n<p>In the Amusement Park Starli you can throw a birthday party for kids, celebrate baptism, departure or termination of school or kinder garden, as well as organize themed events. We also organize theater performances, masks, celebration of Santa Claus and New Year&#8217;s party. We also organize theater performances, celebration of Santa Claus and New Year&#8217;s party.<\/p>\n<p>[\/vc_column_text][\/vc_column][\/vc_row][vc_row type=&#8221;vc_default&#8221; full_width=&#8221;stretch_row&#8221; css=&#8221;.vc_custom_1502293242366{padding-top: 50px !important;padding-bottom: 50px !important;background-color: #ffffff !important;}&#8221;][vc_column][vc_column_text]<\/p>\n<h2 style=\"text-align: center;\">Partners &amp; friends<\/h2>\n<p>[\/vc_column_text][vc_single_image image=&#8221;466&#8243; img_size=&#8221;full&#8221;][\/vc_column][\/vc_row]<\/p>\n<\/div>","protected":false},"excerpt":{"rendered":"<p>[vc_row][vc_column][vc_column_text]The Amusement park Starli is is the largest and most modernly equipped spot in Novi Sad intended to activly entertain children aged from 1 to 10, which has an inner space playground for fun and game, a spacious area for the birthday celebrations and education, as well as sports field. In addition to the sport&hellip;<\/p>\n","protected":false},"author":2,"featured_media":2326,"parent":0,"menu_order":5,"comment_status":"closed","ping_status":"closed","template":"","meta":{"footnotes":""},"yoast_head":"<!-- This site is optimized with the Yoast SEO plugin v22.3 - https:\/\/yoast.com\/wordpress\/plugins\/seo\/ -->\n<title>About us - Starli<\/title>\n<meta name=\"description\" content=\"Kod nas mo\u017eete prirediti ro\u0111endansku proslavu za klince, proslaviti kr\u0161tenje, polazak ili zavr\u0161etak \u0161kole ili \u0161kolice i organizovati tematske priredbe.\" \/>\n<meta name=\"robots\" content=\"index, follow, max-snippet:-1, max-image-preview:large, max-video-preview:-1\" \/>\n<link rel=\"canonical\" href=\"https:\/\/starli.rs\/en\/about-us\/\" \/>\n<meta property=\"og:locale\" content=\"en_US\" \/>\n<meta property=\"og:type\" content=\"article\" \/>\n<meta property=\"og:title\" content=\"About us - Starli\" \/>\n<meta property=\"og:description\" content=\"Kod nas mo\u017eete prirediti ro\u0111endansku proslavu za klince, proslaviti kr\u0161tenje, polazak ili zavr\u0161etak \u0161kole ili \u0161kolice i organizovati tematske priredbe.\" \/>\n<meta property=\"og:url\" content=\"https:\/\/starli.rs\/en\/about-us\/\" \/>\n<meta property=\"og:site_name\" content=\"Starli\" \/>\n<meta property=\"article:publisher\" content=\"https:\/\/www.facebook.com\/ZabavniparkStarli\" \/>\n<meta property=\"article:modified_time\" content=\"2017-09-05T12:11:23+00:00\" \/>\n<meta property=\"og:image\" content=\"https:\/\/starli.rs\/wp-content\/uploads\/2017\/06\/featured-fb-starli.jpg\" \/>\n\t<meta property=\"og:image:width\" content=\"1200\" \/>\n\t<meta property=\"og:image:height\" content=\"628\" \/>\n\t<meta property=\"og:image:type\" content=\"image\/jpeg\" \/>\n<meta name=\"twitter:card\" content=\"summary_large_image\" \/>\n<meta name=\"twitter:label1\" content=\"Est. reading time\" \/>\n\t<meta name=\"twitter:data1\" content=\"2 minutes\" \/>\n<script type=\"application\/ld+json\" class=\"yoast-schema-graph\">{\"@context\":\"https:\/\/schema.org\",\"@graph\":[{\"@type\":\"WebPage\",\"@id\":\"https:\/\/starli.rs\/en\/about-us\/\",\"url\":\"https:\/\/starli.rs\/en\/about-us\/\",\"name\":\"About us - Starli\",\"isPartOf\":{\"@id\":\"https:\/\/starli.rs\/#website\"},\"primaryImageOfPage\":{\"@id\":\"https:\/\/starli.rs\/en\/about-us\/#primaryimage\"},\"image\":{\"@id\":\"https:\/\/starli.rs\/en\/about-us\/#primaryimage\"},\"thumbnailUrl\":\"https:\/\/starli.rs\/wp-content\/uploads\/2022\/02\/starli-rodjendaonica-novi-sad-2.jpg\",\"datePublished\":\"2017-07-11T18:51:07+00:00\",\"dateModified\":\"2017-09-05T12:11:23+00:00\",\"description\":\"Kod nas mo\u017eete prirediti ro\u0111endansku proslavu za klince, proslaviti kr\u0161tenje, polazak ili zavr\u0161etak \u0161kole ili \u0161kolice i organizovati tematske priredbe.\",\"breadcrumb\":{\"@id\":\"https:\/\/starli.rs\/en\/about-us\/#breadcrumb\"},\"inLanguage\":\"en-US\",\"potentialAction\":[{\"@type\":\"ReadAction\",\"target\":[\"https:\/\/starli.rs\/en\/about-us\/\"]}]},{\"@type\":\"ImageObject\",\"inLanguage\":\"en-US\",\"@id\":\"https:\/\/starli.rs\/en\/about-us\/#primaryimage\",\"url\":\"https:\/\/starli.rs\/wp-content\/uploads\/2022\/02\/starli-rodjendaonica-novi-sad-2.jpg\",\"contentUrl\":\"https:\/\/starli.rs\/wp-content\/uploads\/2022\/02\/starli-rodjendaonica-novi-sad-2.jpg\",\"width\":1024,\"height\":684,\"caption\":\"starli\"},{\"@type\":\"BreadcrumbList\",\"@id\":\"https:\/\/starli.rs\/en\/about-us\/#breadcrumb\",\"itemListElement\":[{\"@type\":\"ListItem\",\"position\":1,\"name\":\"Home\",\"item\":\"https:\/\/starli.rs\/en\/\"},{\"@type\":\"ListItem\",\"position\":2,\"name\":\"About us\"}]},{\"@type\":\"WebSite\",\"@id\":\"https:\/\/starli.rs\/#website\",\"url\":\"https:\/\/starli.rs\/\",\"name\":\"Starli\",\"description\":\"Just another WordPress site\",\"publisher\":{\"@id\":\"https:\/\/starli.rs\/#organization\"},\"potentialAction\":[{\"@type\":\"SearchAction\",\"target\":{\"@type\":\"EntryPoint\",\"urlTemplate\":\"https:\/\/starli.rs\/?s={search_term_string}\"},\"query-input\":\"required name=search_term_string\"}],\"inLanguage\":\"en-US\"},{\"@type\":\"Organization\",\"@id\":\"https:\/\/starli.rs\/#organization\",\"name\":\"Zabavni park Starli\",\"url\":\"https:\/\/starli.rs\/\",\"logo\":{\"@type\":\"ImageObject\",\"inLanguage\":\"en-US\",\"@id\":\"https:\/\/starli.rs\/#\/schema\/logo\/image\/\",\"url\":\"https:\/\/starli.rs\/wp-content\/uploads\/2024\/04\/326403783_1811418969231344_4197373218792265738_n.png\",\"contentUrl\":\"https:\/\/starli.rs\/wp-content\/uploads\/2024\/04\/326403783_1811418969231344_4197373218792265738_n.png\",\"width\":1116,\"height\":1116,\"caption\":\"Zabavni park Starli\"},\"image\":{\"@id\":\"https:\/\/starli.rs\/#\/schema\/logo\/image\/\"},\"sameAs\":[\"https:\/\/www.facebook.com\/ZabavniparkStarli\",\"https:\/\/www.instagram.com\/zabavniparkstarli\/\"]}]}<\/script>\n<!-- \/ Yoast SEO plugin. -->","yoast_head_json":{"title":"About us - Starli","description":"Kod nas mo\u017eete prirediti ro\u0111endansku proslavu za klince, proslaviti kr\u0161tenje, polazak ili zavr\u0161etak \u0161kole ili \u0161kolice i organizovati tematske priredbe.","robots":{"index":"index","follow":"follow","max-snippet":"max-snippet:-1","max-image-preview":"max-image-preview:large","max-video-preview":"max-video-preview:-1"},"canonical":"https:\/\/starli.rs\/en\/about-us\/","og_locale":"en_US","og_type":"article","og_title":"About us - Starli","og_description":"Kod nas mo\u017eete prirediti ro\u0111endansku proslavu za klince, proslaviti kr\u0161tenje, polazak ili zavr\u0161etak \u0161kole ili \u0161kolice i organizovati tematske priredbe.","og_url":"https:\/\/starli.rs\/en\/about-us\/","og_site_name":"Starli","article_publisher":"https:\/\/www.facebook.com\/ZabavniparkStarli","article_modified_time":"2017-09-05T12:11:23+00:00","og_image":[{"width":1200,"height":628,"url":"https:\/\/starli.rs\/wp-content\/uploads\/2017\/06\/featured-fb-starli.jpg","type":"image\/jpeg"}],"twitter_card":"summary_large_image","twitter_misc":{"Est. reading time":"2 minutes"},"schema":{"@context":"https:\/\/schema.org","@graph":[{"@type":"WebPage","@id":"https:\/\/starli.rs\/en\/about-us\/","url":"https:\/\/starli.rs\/en\/about-us\/","name":"About us - Starli","isPartOf":{"@id":"https:\/\/starli.rs\/#website"},"primaryImageOfPage":{"@id":"https:\/\/starli.rs\/en\/about-us\/#primaryimage"},"image":{"@id":"https:\/\/starli.rs\/en\/about-us\/#primaryimage"},"thumbnailUrl":"https:\/\/starli.rs\/wp-content\/uploads\/2022\/02\/starli-rodjendaonica-novi-sad-2.jpg","datePublished":"2017-07-11T18:51:07+00:00","dateModified":"2017-09-05T12:11:23+00:00","description":"Kod nas mo\u017eete prirediti ro\u0111endansku proslavu za klince, proslaviti kr\u0161tenje, polazak ili zavr\u0161etak \u0161kole ili \u0161kolice i organizovati tematske priredbe.","breadcrumb":{"@id":"https:\/\/starli.rs\/en\/about-us\/#breadcrumb"},"inLanguage":"en-US","potentialAction":[{"@type":"ReadAction","target":["https:\/\/starli.rs\/en\/about-us\/"]}]},{"@type":"ImageObject","inLanguage":"en-US","@id":"https:\/\/starli.rs\/en\/about-us\/#primaryimage","url":"https:\/\/starli.rs\/wp-content\/uploads\/2022\/02\/starli-rodjendaonica-novi-sad-2.jpg","contentUrl":"https:\/\/starli.rs\/wp-content\/uploads\/2022\/02\/starli-rodjendaonica-novi-sad-2.jpg","width":1024,"height":684,"caption":"starli"},{"@type":"BreadcrumbList","@id":"https:\/\/starli.rs\/en\/about-us\/#breadcrumb","itemListElement":[{"@type":"ListItem","position":1,"name":"Home","item":"https:\/\/starli.rs\/en\/"},{"@type":"ListItem","position":2,"name":"About us"}]},{"@type":"WebSite","@id":"https:\/\/starli.rs\/#website","url":"https:\/\/starli.rs\/","name":"Starli","description":"Just another WordPress site","publisher":{"@id":"https:\/\/starli.rs\/#organization"},"potentialAction":[{"@type":"SearchAction","target":{"@type":"EntryPoint","urlTemplate":"https:\/\/starli.rs\/?s={search_term_string}"},"query-input":"required name=search_term_string"}],"inLanguage":"en-US"},{"@type":"Organization","@id":"https:\/\/starli.rs\/#organization","name":"Zabavni park Starli","url":"https:\/\/starli.rs\/","logo":{"@type":"ImageObject","inLanguage":"en-US","@id":"https:\/\/starli.rs\/#\/schema\/logo\/image\/","url":"https:\/\/starli.rs\/wp-content\/uploads\/2024\/04\/326403783_1811418969231344_4197373218792265738_n.png","contentUrl":"https:\/\/starli.rs\/wp-content\/uploads\/2024\/04\/326403783_1811418969231344_4197373218792265738_n.png","width":1116,"height":1116,"caption":"Zabavni park Starli"},"image":{"@id":"https:\/\/starli.rs\/#\/schema\/logo\/image\/"},"sameAs":["https:\/\/www.facebook.com\/ZabavniparkStarli","https:\/\/www.instagram.com\/zabavniparkstarli\/"]}]}},"_links":{"self":[{"href":"https:\/\/starli.rs\/en\/wp-json\/wp\/v2\/pages\/83"}],"collection":[{"href":"https:\/\/starli.rs\/en\/wp-json\/wp\/v2\/pages"}],"about":[{"href":"https:\/\/starli.rs\/en\/wp-json\/wp\/v2\/types\/page"}],"author":[{"embeddable":true,"href":"https:\/\/starli.rs\/en\/wp-json\/wp\/v2\/users\/2"}],"replies":[{"embeddable":true,"href":"https:\/\/starli.rs\/en\/wp-json\/wp\/v2\/comments?post=83"}],"version-history":[{"count":0,"href":"https:\/\/starli.rs\/en\/wp-json\/wp\/v2\/pages\/83\/revisions"}],"wp:featuredmedia":[{"embeddable":true,"href":"https:\/\/starli.rs\/en\/wp-json\/wp\/v2\/media\/2326"}],"wp:attachment":[{"href":"https:\/\/starli.rs\/en\/wp-json\/wp\/v2\/media?parent=83"}],"curies":[{"name":"wp","href":"https:\/\/api.w.org\/{rel}","templated":true}]}}